{"id":29,"date":"2020-09-15T18:25:45","date_gmt":"2020-09-15T18:25:45","guid":{"rendered":"https:\/\/www.marekjerzynowakowski.com\/?page_id=29"},"modified":"2026-03-29T18:45:07","modified_gmt":"2026-03-29T18:45:07","slug":"o-mnie","status":"publish","type":"page","link":"https:\/\/www.marekjerzynowakowski.com\/index.php\/o-mnie\/","title":{"rendered":"O mnie \/ About me"},"content":{"rendered":"\n<div class=\"wp-block-group\"><div class=\"wp-block-group__inner-container is-layout-flow wp-block-group-is-layout-flow\">\n<p class=\"align=&quot;justify&quot;\"><br><strong>Marek Jerzy Nowakowski<\/strong> jest absolwentem ASP w Poznaniu (Polska). Zajmuje si\u0119 rze\u017ab\u0105 figuratywn\u0105 i animalistyczn\u0105, realizuje prace w br\u0105zie g\u0142\u00f3wnie w technologii wosku traconego. Odlewy z br\u0105zu wykonuje samodzielnie. Interesuje go rzetelny warsztat poprzez poszukiwanie formy tak by temat otwiera\u0142 wyobra\u017ani\u0119 odbiorcy.<\/p>\n\n\n\n<p class=\"align=&quot;justify&quot;\"><br><em>&#8220;Pr\u00f3ba zamkni\u0119cia my\u015bli, czasu i w\u0142asnych pragnie\u0144 w bryle, wosku, a nast\u0119pnie przetopienia jej w br\u0105z. To z pewno\u015bci\u0105 \u015bmia\u0142o\u015b\u0107, nie zawsze godna rze\u017aby. Jednak pr\u00f3ba poszukiwania formy idealnej, zaskakuj\u0105cej, a mo\u017ce intryguj\u0105cej, to akt odwagi.&#8221; <\/em>      M.J.N.<\/p>\n\n\n\n<p class=\"align=&quot;justify&quot;\"><br><strong>Marek Jerzy Nowakowski<\/strong> is a graduate of the Academy of Fine Arts in Pozna\u0144, Poland. He specialises in figurative and animal sculpture, creating bronze works using the traditional lost-wax casting technique. He casts his sculptures independently, combining strong craftsmanship with a search for expressive form. His work invites viewers to engage their imagination and discover their own interpretations.<\/p>\n\n\n\n<p class=\"align=&quot;justify&quot;\"><br><em>&#8220;An attempt to enclose thoughts, time, and one&#8217;s own desires within a form, in wax, and then to cast them in bronze. This is certainly a bold venture, not always worthy of sculpture. Yet, the attempt to seek a form that is ideal, surprising, or perhaps intriguing, is an act of courage.&#8221;<\/em>         M.J.N.<\/p>\n<\/div><\/div>\n\n\n<div class=\"wp-block-image\">\n<figure class=\"aligncenter size-large\"><img loading=\"lazy\" decoding=\"async\" width=\"769\" height=\"1024\" src=\"https:\/\/www.marekjerzynowakowski.com\/wp-content\/uploads\/2020\/09\/IMG_1712-769x1024.jpg\" alt=\"\" class=\"wp-image-122\" srcset=\"https:\/\/www.marekjerzynowakowski.com\/wp-content\/uploads\/2020\/09\/IMG_1712-769x1024.jpg 769w, https:\/\/www.marekjerzynowakowski.com\/wp-content\/uploads\/2020\/09\/IMG_1712-225x300.jpg 225w, https:\/\/www.marekjerzynowakowski.com\/wp-content\/uploads\/2020\/09\/IMG_1712-768x1022.jpg 768w, https:\/\/www.marekjerzynowakowski.com\/wp-content\/uploads\/2020\/09\/IMG_1712-1154x1536.jpg 1154w, https:\/\/www.marekjerzynowakowski.com\/wp-content\/uploads\/2020\/09\/IMG_1712-1539x2048.jpg 1539w, https:\/\/www.marekjerzynowakowski.com\/wp-content\/uploads\/2020\/09\/IMG_1712-scaled.jpg 1923w\" sizes=\"(max-width: 769px) 100vw, 769px\" \/><\/figure><\/div>\n\n\n<p><strong>Lista aktywno\u015bci \/ List of activities:<\/strong><\/p>\n\n\n\n<p>2022 \u2013 udzia\u0142 w wystawie \u2013 Van Gogh Gallery \u2013 Madryt<\/p>\n\n\n\n<p>2022 \u2013 Targi Sztuki &#8211; Paris Expo Porte de Versailles<\/p>\n\n\n\n<p>2007 \u2013 2015 r. \u2013 Galeria Chwa\u0142y Polskiej Ekonomii \u2013 portrety polskich ekonomist\u00f3w.<\/p>\n\n\n\n<p>2006 r. \u2013 wystawa \u2013 Panien Galery \u2013 Berlin<\/p>\n\n\n\n<p>2006 r. \u2013 Wa\u0142brzyska Galeria Sztuki BWA Zamek Ksi\u0105\u017c \u2013 Fundacja Serce Aukcja Dzie\u0142 Sztuki,<br>Konsul Generalny RP w Nowym Jorku<\/p>\n\n\n\n<p>2005 r. \u2013 wystawa \u2013 Galeria Brantebjerg \u2013 Dania\/Zelandia<\/p>\n\n\n\n<p>2005 r. \u2013 statuetki \u2013 Nationale Nederlanden<\/p>\n\n\n\n<p>2005 r. \u2013 statuetki \u2013 Mi\u0119dzynarodowe Targi Ksi\u0105\u017cki \u2013 50 lat Ars Polony<\/p>\n\n\n\n<p>2004 r. \u2013 wykonanie pami\u0105tkowej tablicy w \u017bywcu<\/p>\n\n\n\n<p>2004 r. \u2013 renowacja secesyjnej kamienicy w Poznaniu<\/p>\n\n\n\n<p>2004 r. \u2013 udzia\u0142 w konkursie na fontann\u0119 Marsa dla miasta Poznania<\/p>\n\n\n\n<p>2003 r. \u2013 tablica pami\u0105tkowa dla miasta Grodzisk Wlkp.<\/p>\n\n\n\n<p>2003 r. \u2013 wykonanie statuetek na Mi\u0119dzynarodowy Turniej Golfowy<\/p>\n\n\n\n<p>2003 r. \u2013 wykonanie statuetki dla firmy \u201eKiel\u201d Polska<\/p>\n\n\n\n<p>2003 r. \u2013 wykonanie statuetki dla firmy \u201eStratex\u201d w Warszawie<\/p>\n\n\n\n<p>2003 r. \u2013 udzia\u0142 w konkursie na pomnik Janusza Korczaka w Warszawie<\/p>\n\n\n\n<p>2002 r. \u2013 wykonanie tablicy pami\u0105tkowej dla miasta Wolsztyna<\/p>\n\n\n\n<p>2002 r. \u2013 udzia\u0142 w VI Jesiennym Salonie Sztuki \u2013 Ostrowiec \u015awi\u0119tokrzyski 2002 \u2013 BWA<\/p>\n\n\n\n<p>2002 r. \u2013 Wystawa Malarstwa, Rysunku, Grafiki i Rze\u017aby Gda\u0144sk 2002 \u2013 Wyr\u00f3\u017cnienie Stowarzyszenia Promocji Artyst\u00f3w Wybrze\u017ca Era Art<\/p>\n\n\n\n<p>2002 r. \u2013 wykonanie statuetki \u201eLwa\u201d dla Nationale Nederlanden<\/p>\n\n\n\n<p>2001\/2 \u2013 udzia\u0142 w Salonie Rze\u017aby Zima 2001\/2 w Warszawie<\/p>\n\n\n\n<p>2001 r. \u2013 Tydzie\u0144 Kultury Polskiej w Berlinie \u2013 wystawa prac -\u201cMaski i nietoperze\u201d<\/p>\n\n\n\n<p>2001 r. \u2013 wykonanie statuetki \u201eIrys\u201d dla Nationale Nederlanden<\/p>\n\n\n\n<p>2001 r. \u2013 wykonanie statuetek \u201eLwi Pazur\u201d dla Nationale Nederlanden<\/p>\n\n\n\n<p>2001 r. \u2013 Indywidualna wystawa \u201cMaski i nietoperze\u201d \u2013 Muzeum Botaniczne w Berlinie<\/p>\n\n\n\n<p>2000 r. \u2013 udzia\u0142 w konkursie na przestrzenny symbol Gie\u0142dy Papier\u00f3w Warto\u015bciowych w Warszawie<\/p>\n\n\n\n<p>2000 r. \u2013 wykonanie statuetek dla miasta Oborniki \u2013 pier\u015bcie\u0144 i klucz<\/p>\n\n\n\n<p>2000 r. \u2013 udzia\u0142 w XII Biennale Rze\u017aby \u2013 Ma\u0142e Formy Rze\u017abiarskie \u2013 Pozna\u0144<\/p>\n\n\n\n<p>2000 r. \u2013 udzia\u0142 w III Triennale Autoportretu Radom 2000<\/p>\n\n\n\n<p>1999 r. \u2013 udzia\u0142 w konkursie na pomnik po\u015bwi\u0119cony ksi\u0119dzu Komorowskiemu w Gda\u0144sku<\/p>\n\n\n\n<p>1999 r. \u2013 wykonanie tablicy pami\u0105tkowej z br\u0105zu dla Domu Parafialnego w Ko\u017cuchowie<\/p>\n\n\n\n<p>1999 r.- realizacja pomnika Fryderyka Chopina w Nowym Tomy\u015blu<\/p>\n\n\n\n<p>1999 r. \u2013 udzia\u0142 w Salonie Rze\u017aby \u2013 Wiosna\u201999 w Warszawie<\/p>\n\n\n\n<p>1999 r. \u2013 ekspozycja rze\u017ab \u2013 PPA Bank w Poznaniu<\/p>\n\n\n\n<p>1998 r. \u2013 renowacja figur z elewacji zabytkowej kamienicy w Nowym Tomy\u015blu przy placu Chopina oraz odtworzenie element\u00f3w architektonicznych tej\u017ce kamienicy.<\/p>\n\n\n\n<p>1998 r. \u2013 wykonanie tablicy pami\u0105tkowej z br\u0105zu do barokowego ko\u015bcio\u0142a w Nowym Kramsku<\/p>\n\n\n\n<p>1997 r. \u2013 Srebrny medal w Salonie Rze\u017aby \u2013 Wiosna\u201997 w Warszawie za rze\u017ab\u0119 \u201cTwarz\u0105 ku Ziemi\u201d<\/p>\n\n\n\n<p>1996 r. \u2013 wykonanie o\u0142tarza do Ko\u015bcio\u0142a w \u015awieciu (p\u0142askorze\u017aba z br\u0105zu wys. 4m), wsp\u00f3\u0142praca z Micha\u0142em Kubiakiem<\/p>\n\n\n\n<p>1995 r. \u2013 Galeria \u201cFlik\u201d w Warszawie \u2013 \u201cMaski\u201d<\/p>\n\n\n\n<p>1994 r. \u2013 Galeria \u201cFlik\u201d w Warszawie \u2013 \u201cNietoperze \u2013 Ryby\u201d<\/p>\n\n\n\n<p>1993 r. \u2013 renowacja ceramicznych rze\u017ab z Parku w Nowym Tomy\u015blu<\/p>\n\n\n\n<p>1993 r. \u2013 wystawa w Galerii \u201cFlik\u201c \u2013 Warszawa<\/p>\n\n\n\n<p>1993 r. \u2013 wystawa dyplomowa w Galerii Ewy Polony w Poznaniu \u2013 \u201eKlatka\u201d<\/p>\n\n\n\n<p>Zajmuj\u0119 si\u0119 r\u00f3wnie\u017c renowacj\u0105 starych samochod\u00f3w.<\/p>\n\n\n\n<p><\/p>\n","protected":false},"excerpt":{"rendered":"<p>Marek Jerzy Nowakowski jest absolwentem ASP w Poznaniu (Polska). Zajmuje si\u0119 rze\u017ab\u0105 figuratywn\u0105 i animalistyczn\u0105, realizuje prace w br\u0105zie g\u0142\u00f3wnie w technologii wosku traconego. Odlewy z br\u0105zu wykonuje samodzielnie. Interesuje go rzetelny warsztat poprzez poszukiwanie formy tak by temat otwiera\u0142 wyobra\u017ani\u0119 odbiorcy. &#8220;Pr\u00f3ba zamkni\u0119cia my\u015bli, czasu i w\u0142asnych pragnie\u0144 w bryle, wosku, a nast\u0119pnie przetopienia &hellip; <\/p>\n","protected":false},"author":1,"featured_media":0,"parent":0,"menu_order":0,"comment_status":"closed","ping_status":"closed","template":"","meta":{"_monsterinsights_skip_tracking":false,"_monsterinsights_sitenote_active":false,"_monsterinsights_sitenote_note":"","_monsterinsights_sitenote_category":0,"footnotes":""},"class_list":["post-29","page","type-page","status-publish","hentry"],"_links":{"self":[{"href":"https:\/\/www.marekjerzynowakowski.com\/index.php\/wp-json\/wp\/v2\/pages\/29"}],"collection":[{"href":"https:\/\/www.marekjerzynowakowski.com\/index.php\/wp-json\/wp\/v2\/pages"}],"about":[{"href":"https:\/\/www.marekjerzynowakowski.com\/index.php\/wp-json\/wp\/v2\/types\/page"}],"author":[{"embeddable":true,"href":"https:\/\/www.marekjerzynowakowski.com\/index.php\/wp-json\/wp\/v2\/users\/1"}],"replies":[{"embeddable":true,"href":"https:\/\/www.marekjerzynowakowski.com\/index.php\/wp-json\/wp\/v2\/comments?post=29"}],"version-history":[{"count":12,"href":"https:\/\/www.marekjerzynowakowski.com\/index.php\/wp-json\/wp\/v2\/pages\/29\/revisions"}],"predecessor-version":[{"id":669,"href":"https:\/\/www.marekjerzynowakowski.com\/index.php\/wp-json\/wp\/v2\/pages\/29\/revisions\/669"}],"wp:attachment":[{"href":"https:\/\/www.marekjerzynowakowski.com\/index.php\/wp-json\/wp\/v2\/media?parent=29"}],"curies":[{"name":"wp","href":"https:\/\/api.w.org\/{rel}","templated":true}]}}